{"id":67,"date":"2022-09-07T02:49:31","date_gmt":"2022-09-07T02:49:31","guid":{"rendered":"https:\/\/demo.ovatheme.com\/auntri\/?page_id=67"},"modified":"2026-01-16T09:33:32","modified_gmt":"2026-01-16T06:33:32","slug":"kurumsal","status":"publish","type":"page","link":"https:\/\/kubusboylersan.com\/index.php\/kurumsal\/","title":{"rendered":"Kurumsal"},"content":{"rendered":"\t\t<div data-elementor-type=\"wp-page\" data-elementor-id=\"67\" class=\"elementor elementor-67\">\n\t\t\t\t\t\t\t<div class=\"elementor-element elementor-element-8150fbf e-con-boxed e-con\" data-id=\"8150fbf\" data-element_type=\"container\" data-settings=\"{&quot;content_width&quot;:&quot;boxed&quot;}\">\n\t\t\t\t\t<div class=\"e-con-inner\">\n\t\t\t\t<div class=\"elementor-element elementor-element-3949a97 elementor-widget elementor-widget-image\" data-id=\"3949a97\" data-element_type=\"widget\" data-widget_type=\"image.default\">\n\t\t\t\t<div class=\"elementor-widget-container\">\n\t\t\t<style>\/*! elementor - v3.9.2 - 21-12-2022 *\/\n.elementor-widget-image{text-align:center}.elementor-widget-image a{display:inline-block}.elementor-widget-image a img[src$=\".svg\"]{width:48px}.elementor-widget-image img{vertical-align:middle;display:inline-block}<\/style>\t\t\t\t\t\t\t\t\t\t\t\t<img loading=\"lazy\" decoding=\"async\" width=\"800\" height=\"450\" src=\"https:\/\/kubusboylersan.com\/wp-content\/uploads\/2023\/04\/kubus_boylersan_5-1024x576.jpg\" class=\"attachment-large size-large wp-image-9141\" alt=\"\" srcset=\"https:\/\/kubusboylersan.com\/wp-content\/uploads\/2023\/04\/kubus_boylersan_5-1024x576.jpg 1024w, https:\/\/kubusboylersan.com\/wp-content\/uploads\/2023\/04\/kubus_boylersan_5-300x169.jpg 300w, https:\/\/kubusboylersan.com\/wp-content\/uploads\/2023\/04\/kubus_boylersan_5-768x432.jpg 768w, https:\/\/kubusboylersan.com\/wp-content\/uploads\/2023\/04\/kubus_boylersan_5-1536x864.jpg 1536w, https:\/\/kubusboylersan.com\/wp-content\/uploads\/2023\/04\/kubus_boylersan_5.jpg 1920w\" sizes=\"auto, (max-width: 800px) 100vw, 800px\" \/>\t\t\t\t\t\t\t\t\t\t\t\t\t\t\t<\/div>\n\t\t\t\t<\/div>\n\t\t\t\t<div class=\"elementor-element elementor-element-69f2201 elementor-widget elementor-widget-text-editor\" data-id=\"69f2201\" data-element_type=\"widget\" data-widget_type=\"text-editor.default\">\n\t\t\t\t<div class=\"elementor-widget-container\">\n\t\t\t<style>\/*! elementor - v3.9.2 - 21-12-2022 *\/\n.elementor-widget-text-editor.elementor-drop-cap-view-stacked .elementor-drop-cap{background-color:#818a91;color:#fff}.elementor-widget-text-editor.elementor-drop-cap-view-framed .elementor-drop-cap{color:#818a91;border:3px solid;background-color:transparent}.elementor-widget-text-editor:not(.elementor-drop-cap-view-default) .elementor-drop-cap{margin-top:8px}.elementor-widget-text-editor:not(.elementor-drop-cap-view-default) .elementor-drop-cap-letter{width:1em;height:1em}.elementor-widget-text-editor .elementor-drop-cap{float:left;text-align:center;line-height:1;font-size:50px}.elementor-widget-text-editor .elementor-drop-cap-letter{display:inline-block}<\/style>\t\t\t\t<h3>HAKKIMIZDA<\/h3><p>Firmam\u0131z \u00fcretim yolculu\u011funa 1948 y\u0131l\u0131nda \u2018Teshin Cihazlar\u0131 \u0130malat\u0131\u2019 unvan\u0131yla Ankara Ulus\u2019ta k\u00fc\u00e7\u00fck bir d\u00fckkanda ba\u015flam\u0131\u015ft\u0131r. 1948 y\u0131l\u0131na kadar tesisat\u00e7\u0131l\u0131k mesle\u011fi ile u\u011fra\u015fan kurucumuz tesisatlar\u0131n\u0131 yapt\u0131\u011f\u0131 kazanlardan esinlenip bir ilke imza atarak kazan imalat\u0131na ba\u015flam\u0131\u015ft\u0131r. Kurucumuzun ileri g\u00f6r\u00fc\u015fl\u00fcl\u00fc\u011f\u00fc ve azmi firmam\u0131z\u0131n b\u00fcy\u00fcmesi i\u00e7in gerekli altyap\u0131y\u0131 olu\u015fturmu\u015ftur.<\/p><p>1996 y\u0131l\u0131nda \u015firketle\u015fen firmam\u0131z, 2004 y\u0131l\u0131nda K\u0131r\u0131kkale Organize Sanayi B\u00f6lgesi\u2019ne ta\u015f\u0131nm\u0131\u015ft\u0131r. 11500 \u00a0arazi \u00fczerine kurulu 4 holden olu\u015fan 6000 \u00a0\u00fcretim alan\u0131 ile faaliyetlerine h\u0131z vermi\u015ftir. 2007 y\u0131l\u0131nda Emayeli H\u0131zl\u0131 Boyler\u2019in \u00fcretimine ba\u015flayan firmam\u0131z 2014 y\u0131l\u0131 itibariyle Kapal\u0131 Genle\u015fme Tank\u0131 \u00fcretimine ba\u015flam\u0131\u015ft\u0131r.<\/p><p>K\u0131sa s\u00fcrede \u00fcr\u00fcn yelpazesinde b\u00fcy\u00fcmeye giden firmam\u0131z T\u00fcrkiye\u2019de ilk defa 5000 lt Emayeli H\u0131zl\u0131 Boyler imalat\u0131 yapm\u0131\u015ft\u0131r. Ayn\u0131 zamanda firmam\u0131z boyler ve genle\u015fme tank\u0131n\u0131 birlikte \u00fcreten T\u00fcrkiye\u2019deki ilk firma olmu\u015ftur.<\/p><p>Devaml\u0131 geli\u015fime a\u00e7\u0131k olan, verimlili\u011fi \u00f6n planda tutan firmam\u0131z \u00fcretim a\u015famalar\u0131nda \u00e7al\u0131\u015fana, teslimat ve ek hizmetler a\u015famalar\u0131nda ise m\u00fc\u015fteriye verdi\u011fi de\u011ferle g\u00fcn ge\u00e7tik\u00e7e b\u00fcy\u00fcmeye devam etmektedir.<\/p><p>1996 y\u0131l\u0131nda KUBU\u015e BOYLERSAN MAK. \u0130N\u015e. KAZAN \u0130ML. SAN. T\u0130C. LTD. \u015eT\u0130. ad\u0131yla \u015firketle\u015fen firmam\u0131z \u201cKUBU\u015e BOYLERSAN\u201d markas\u0131yla faaliyetlerine h\u0131z vererek geni\u015f \u00fcr\u00fcn yelpazesi ile imalat\u0131na devam etmi\u015ftir.<\/p><p>\u015eirketimiz 2004 y\u0131l\u0131nda KIRIKKALE ORG. SAN. B\u00d6LGES\u0130NE ta\u015f\u0131nm\u0131\u015f olup 11.500 m2 arazi \u00fczerine 6000 m2 kapal\u0131 alanl\u0131 4 holde 100\u2019e yak\u0131n personeliyle hizmet vermektedir.<\/p><p>2007 y\u0131l\u0131nda emaye h\u0131zl\u0131 boylerin seri \u00fcretimine ge\u00e7en firmam\u0131z 2014 y\u0131l\u0131 itibari ile kapal\u0131 genle\u015fme tanklar\u0131 imalat\u0131na ba\u015flam\u0131\u015ft\u0131r. T\u00fcrkiye\u2019de ilk defa 5000 lt emaye boyler imalat\u0131 yapan firmam\u0131z yine T\u00fcrkiye\u2019de boyler ve genle\u015fme tank\u0131n\u0131 birlikte \u00fcreten ilk firma olmu\u015ftur. Bu durum m\u00fc\u015fterilerimiz i\u00e7in ekonomik kazan\u0131m anlam\u0131na gelmektedir.<\/p><p>Uzun y\u0131llard\u0131r ba\u015far\u0131lara imza atan firmam\u0131z yak\u0131n zamanda ad\u0131ndan daha fazla s\u00f6z ettirecek i\u015fler yapacakt\u0131r, inanc\u0131m\u0131z tamd\u0131r.<\/p>\t\t\t\t\t\t<\/div>\n\t\t\t\t<\/div>\n\t\t\t\t\t<\/div>\n\t\t\t\t<\/div>\n\t\t\t\t\t\t\t<\/div>\n\t\t","protected":false},"excerpt":{"rendered":"<p>HAKKIMIZDA Firmam\u0131z \u00fcretim yolculu\u011funa 1948 y\u0131l\u0131nda \u2018Teshin Cihazlar\u0131 \u0130malat\u0131\u2019 unvan\u0131yla Ankara Ulus\u2019ta k\u00fc\u00e7\u00fck bir d\u00fckkanda ba\u015flam\u0131\u015ft\u0131r. 1948 y\u0131l\u0131na kadar tesisat\u00e7\u0131l\u0131k mesle\u011fi ile u\u011fra\u015fan kurucumuz tesisatlar\u0131n\u0131 yapt\u0131\u011f\u0131 kazanlardan esinlenip bir ilke imza atarak kazan imalat\u0131na ba\u015flam\u0131\u015ft\u0131r. Kurucumuzun ileri g\u00f6r\u00fc\u015fl\u00fcl\u00fc\u011f\u00fc ve azmi firmam\u0131z\u0131n b\u00fcy\u00fcmesi i\u00e7in gerekli altyap\u0131y\u0131 olu\u015fturmu\u015ftur. 1996 y\u0131l\u0131nda \u015firketle\u015fen firmam\u0131z, 2004 y\u0131l\u0131nda K\u0131r\u0131kkale Organize Sanayi [&hellip;]<\/p>\n","protected":false},"author":1,"featured_media":0,"parent":0,"menu_order":0,"comment_status":"closed","ping_status":"closed","template":"elementor_header_footer","meta":{"footnotes":""},"class_list":["post-67","page","type-page","status-publish","hentry"],"aioseo_notices":[],"_links":{"self":[{"href":"https:\/\/kubusboylersan.com\/index.php\/wp-json\/wp\/v2\/pages\/67","targetHints":{"allow":["GET"]}}],"collection":[{"href":"https:\/\/kubusboylersan.com\/index.php\/wp-json\/wp\/v2\/pages"}],"about":[{"href":"https:\/\/kubusboylersan.com\/index.php\/wp-json\/wp\/v2\/types\/page"}],"author":[{"embeddable":true,"href":"https:\/\/kubusboylersan.com\/index.php\/wp-json\/wp\/v2\/users\/1"}],"replies":[{"embeddable":true,"href":"https:\/\/kubusboylersan.com\/index.php\/wp-json\/wp\/v2\/comments?post=67"}],"version-history":[{"count":54,"href":"https:\/\/kubusboylersan.com\/index.php\/wp-json\/wp\/v2\/pages\/67\/revisions"}],"predecessor-version":[{"id":9678,"href":"https:\/\/kubusboylersan.com\/index.php\/wp-json\/wp\/v2\/pages\/67\/revisions\/9678"}],"wp:attachment":[{"href":"https:\/\/kubusboylersan.com\/index.php\/wp-json\/wp\/v2\/media?parent=67"}],"curies":[{"name":"wp","href":"https:\/\/api.w.org\/{rel}","templated":true}]}}